{"id":43,"date":"2026-02-21T21:27:39","date_gmt":"2026-02-21T20:27:39","guid":{"rendered":"https:\/\/jolantadominika.xaa.pl\/?page_id=43"},"modified":"2026-02-22T10:13:34","modified_gmt":"2026-02-22T09:13:34","slug":"etap-1-projektu-extra-bankroll","status":"publish","type":"page","link":"https:\/\/jolantadominika.xaa.pl\/index.php\/etap-1-projektu-extra-bankroll\/","title":{"rendered":"Etap 1- Projektu Extra Bankroll"},"content":{"rendered":"<div class=\"blog-post \">\n<div class=\"container\">\n<article id=\"post-198\" class=\"section section-text\">\n<div class=\"row\">\n<div class=\"col-md-8 page-content-wrap col-md-offset-2\">\n<h2 style=\"text-align: center;\"><span style=\"color: #0000ff;\"><strong>Etap 1 \u2013 Pocz\u0105tek! \ud83d\ude42<\/strong><\/span><\/h2>\n<h5 style=\"text-align: center;\"><span style=\"color: #ff00ff;\"><em><strong>\u201dBywaj\u0105 chwile, w kt\u00f3rych cz\u0142owiek musi umacnia\u0107 wiar\u0119 we w\u0142asne si\u0142y\u201d<\/strong><\/em><\/span><\/h5>\n<p>&nbsp;<\/p>\n<p class=\"has-text-color\" style=\"text-align: left;\"><span style=\"color: #000000;\"><strong>Cze\u015b\u0107! Z tej strony Jolanta Kogut \ud83d\ude42<br \/>\n<\/strong><strong>Jestem Liderem w projekcie Extra Bankroll, kt\u00f3ry zajmuje si\u0119 promocj\u0105 Marketingu Internetowego! <\/strong><\/span><\/p>\n<p class=\"has-text-color\" style=\"text-align: left;\"><span style=\"color: #000000;\"><strong>Poka\u017c\u0119 Ci jak zarabia\u0107 w Internecie i wprowadz\u0119 Ci\u0119 do Spo\u0142eczno\u015bci Program\u00f3w Partnerskich! <\/strong><\/span><\/p>\n<p class=\"has-text-color\" style=\"text-align: left;\"><span style=\"color: #000000;\"><strong>Je\u017celi b\u0119dziesz dzia\u0142a\u0107 wed\u0142ug moich wskaz\u00f3wek, to nie ma opcji, \u017ce nie nauczysz si\u0119 zarabia\u0107!<\/strong><\/span><\/p>\n<h3 class=\"has-text-color\" style=\"text-align: center;\"><span style=\"color: #3366ff;\"><strong> Co to s\u0105 programy partnerskie?<\/strong><\/span><\/h3>\n<p style=\"text-align: center;\"><strong>Programy Partnerskie pozwalaj\u0105 zarabia\u0107 w sieci za pomoc\u0105 innowacyjnych narz\u0119dzi, kt\u00f3re por\u00f3wnuj\u0105 produkty finansowe dost\u0119pne na rynku. Dzi\u0119ki intuicyjnemu i funkcjonalnemu systemowi nie potrzebne jest posiadanie praktycznie \u017cadnej wiedzy informatycznej. Dzi\u0119ki wsp\u00f3\u0142pracy za ka\u017cdy poprawnie przes\u0142any formularz Partner otrzyma prowizj\u0119. Wystarczy, \u017ce klient zdecyduje si\u0119 na jeden z polecanych produkt\u00f3w. Pami\u0119taj \u017ce my nic nie sprzedajemy! Produkty na kt\u00f3rych pracujemy s\u0105 darmowe! <\/strong> <strong>Dodatkowo, jako m\u00f3j Partner otrzymujesz ode mnie przez ca\u0142y czas wsparcie i pomoc na ka\u017cdym z etap\u00f3w projektu \ud83d\ude42 Naucz\u0119 Ci\u0119 zarabiania w sieci, a dzi\u0119ki naszym narz\u0119dziom oraz pomocy b\u0119dzie to bardzo proste i efektywne! <\/strong><\/p>\n<h3 class=\"has-text-color\" style=\"text-align: center;\"><\/h3>\n<div class=\"elementor-element elementor-element-587fcd8 elementor-widget elementor-widget-heading\" data-id=\"587fcd8\" data-element_type=\"widget\" data-widget_type=\"heading.default\" style=\"text-align: center;\">\n<h2 class=\"elementor-widget-container\"><span style=\"color: #800080;\"><strong>Kto mo\u017ce z nami zarabia\u0107?<\/strong><\/span><\/h2>\n<\/div>\n<div class=\"elementor-element elementor-element-836edc5 elementor-widget elementor-widget-text-editor\" data-id=\"836edc5\" data-element_type=\"widget\" data-widget_type=\"text-editor.default\" style=\"text-align: center;\">\n<div class=\"elementor-widget-container\">\n<div class=\"elementor-text-editor elementor-clearfix\"><span style=\"color: #ff0000;\"><strong>Aby do\u0142\u0105czy\u0107 do zespo\u0142u musisz spe\u0142nia\u0107 poni\u017csze warunki:<\/strong><\/span><\/div>\n<div><\/div>\n<ol>\n<li><span>Uko\u0144czone minimum 18 lat<\/span><\/li>\n<li>Posiada\u0107 obywatelstwo polskie<\/li>\n<li>Mieszka\u0107 w Polsce<\/li>\n<\/ol>\n<p>Dodatkowo, jako m\u00f3j Partner otrzymujesz ode mnie przez ca\u0142y czas wsparcie i pomoc na ka\u017cdym z etap\u00f3w projektu\ud83d\ude42 Naucz\u0119 Ci\u0119 zarabiania w sieci, a dzi\u0119ki naszym narz\u0119dziom oraz pomocy b\u0119dzie to bardzo proste i efektywne! Ka\u017cda nowa osoba w zespole mo\u017ce liczy\u0107 na moj\u0105 pomoc oraz sta\u0142y kontakt z pozosta\u0142ymi cz\u0142onkami w <strong>prywatnej grupie na MESSENGER<\/strong><\/p>\n<\/div>\n<div id=\"ib2_el_3dQQLLk5\" class=\"ib2-content-el ib2-text-el\" data-animation=\"none\" data-shadow=\"none\" data-el=\"text\" spellcheck=\"false\">\n<h2 class=\"has-text-color\"><span style=\"color: #ff6600;\"><strong><br \/>\nCo musisz wiedzie\u0107 o naszym projekcie?<\/strong><\/span><\/h2>\n<ul>\n<li><strong>Przyst\u0119pujesz do 7 etap\u00f3w,<\/strong>w kt\u00f3rych po kolei i stopniowo naucz\u0119 Ci\u0119 zarabia\u0107 w Programach Partnerskich!<\/li>\n<\/ul>\n<\/div>\n<ul>\n<li><strong>Bez inwestycji<\/strong>. Wsp\u00f3\u0142pracuj\u0105c z naszym projektem zarabiasz bez \u017cadnej inwestycji. Skupiamy si\u0119 na zarabianiu w programach partnerskich oraz korzystaniu z r\u00f3\u017cnego rodzaju promocji dost\u0119pnych na rynku<\/li>\n<\/ul>\n<ul>\n<li><strong>Bez Ryzyka i Zobowi\u0105za\u0144. <\/strong>Logiczne jest, \u017ce je\u015bli nie ma inwestycji nie ma te\u017c \u017cadnego ryzyka straty czy uczestnictwa. W ka\u017cdej chwili mo\u017cesz opu\u015bci\u0107 nasz projekt i zaj\u0105\u0107 si\u0119 tym co robi\u0142e\u015b dotychczas.<\/li>\n<\/ul>\n<div id=\"ib2_el_3dQQLLk5\" class=\"ib2-content-el ib2-text-el\" data-animation=\"none\" data-shadow=\"none\" data-el=\"text\" spellcheck=\"false\">\n<ul>\n<li><strong>Nieograniczone Zarobki<\/strong>. Praca na etacie wi\u0105\u017ce si\u0119 z ograniczonymi zarobkami z regu\u0142y jest to kwota oko\u0142o 2500 z\u0142otych i niestety pewnego pu\u0142apu na etacie nie da si\u0119 przeskoczy\u0107. Zarabiaj\u0105c online mo\u017cemy zarabia\u0107 du\u017co wi\u0119cej je\u015bli wiemy jak i wsp\u00f3\u0142pracujemy z odpowiednimi lud\u017ami.<\/li>\n<\/ul>\n<ul>\n<li><strong>Wspania\u0142a Spo\u0142eczno\u015b\u0107. <\/strong>Pracuj\u0105c online masz szans\u0119 pozna\u0107 wspania\u0142ych ludzi, kt\u00f3rzy pod\u0105\u017caj\u0105 w tym samym kierunku co Ty, a wzajemna motywacja spot\u0119guje jeszcze bardziej ch\u0119\u0107 osi\u0105gania sukces\u00f3w w tej bran\u017cy.<\/li>\n<\/ul>\n<ul>\n<li><strong>Wi\u0119cej Czasu dla Rodziny. <\/strong>Pracuj\u0105c i zarabiaj\u0105c online osobi\u015bcie ustalasz sw\u00f3j grafik, mo\u017cemy go modyfikowa\u0107 tak, aby po\u015bwi\u0119ca\u0107 wi\u0119cej czasu dla rodziny i pracowa\u0107 w czasie kiedy dzieci s\u0105 w szkole<\/li>\n<\/ul>\n<\/div>\n<h3><\/h3>\n<div id=\"ib2_el_3dQQLLk5\" class=\"ib2-content-el ib2-text-el\" data-animation=\"none\" data-shadow=\"none\" data-el=\"text\" spellcheck=\"false\">\n<h2 class=\"elementor-heading-title elementor-size-default\"><span style=\"color: #ff00ff;\"><strong>Na Czym Polega Praca?<\/strong><\/span><\/h2>\n<div class=\"elementor-text-editor elementor-clearfix\"><span style=\"color: #000000;\">W naszym projekcie skupiamy si\u0119 na wype\u0142nianiu prostych wniosk\u00f3w oraz testowaniu i korzystaniu z bezp\u0142atnych produkt\u00f3w, aplikacji oraz us\u0142ug z katalogu oferowanego przez program partnerski Comperialead \u2013partnera sp\u00f3\u0142ki comperia.pl, kt\u00f3ry dzia\u0142a na rynku i jest w pe\u0142ni legalnie dzia\u0142aj\u0105c\u0105 firm\u0105.<\/span><\/div>\n<div class=\"elementor-text-editor elementor-clearfix\"><span style=\"color: #000000;\">W praktycewygl\u0105da to tak, \u017ce otrzymasz list\u0119 produkt\u00f3w, aplikacji i us\u0142ug, kt\u00f3re testujesz, a w zamian za wykonanie okre\u015blonych dzia\u0142a\u0144 otrzymasz prowizj\u0119, kt\u00f3r\u0105 mo\u017cesz wyp\u0142aci\u0107 na swoje konto.<\/span><\/div>\n<div><\/div>\n<p><span style=\"color: #800080;\"><strong>Projekt sk\u0142ada si\u0119 z 7 etap\u00f3w, w ka\u017cdym z nich pozyskujesz nowe umiej\u0119tno\u015bci!<\/strong><\/span><\/p>\n<ul>\n<li><em><strong><span style=\"color: #ff0000;\">Etap 1<\/span> :<\/strong><\/em>Przedstawiam Ci dok\u0142adanie na czym polega praca. Zapoznajesz si\u0119 z regulaminem oraz robimy 1 krok, aby by\u0107 bli\u017cej sukcesu \ud83d\ude00 \u2013 mianowicie rejestrujemy si\u0119 do programu partnerskiego, na kt\u00f3rym p\u00f3\u017aniej dzia\u0142amy \ud83d\ude42<\/li>\n<\/ul>\n<ul>\n<li><em><strong><span style=\"color: #ff0000;\">Etap 2<\/span> :<\/strong><\/em> Kolejny etap polega na zapoznaniu si\u0119 od \u015brodka z prac\u0105. Zaczynasz tutaj z moj\u0105 pomoc\u0105 uczy\u0107 si\u0119 jak wype\u0142niamy wnioski o konta bankowe \ud83d\ude42<\/li>\n<\/ul>\n<ul>\n<li><em><strong><span style=\"color: #ff0000;\">Etap 3-5<\/span> :<\/strong><\/em> Zapoznajesz si\u0119 z programem partnerskim i uczysz si\u0119 porusza\u0107 po platformie. Tutaj zaczynasz zarabia\u0107 ju\u017c pieni\u0105dze na sw\u00f3j portfel i swoj\u0105 pierwsz\u0105 wyp\u0142at\u0119 w comperialead.<\/li>\n<\/ul>\n<ul>\n<li><em><strong><span style=\"color: #ff0000;\">Etap 6-7<\/span> :<\/strong><\/em> To ostatnie etapy i docierasz do mety \ud83d\ude42 Zaczynasz zarabia\u0107 ju\u017c <strong>wi\u0119ksze pieni\u0105dze<\/strong>, poprzez prac\u0119 z innymi lud\u017ami. Wszystkie potrzebne do tego umiej\u0119tno\u015bci nabywasz przechodz\u0105c etap po etapie, dzi\u0119ki mojej pomocy a przede wszystkim wiary w siebie \u2013 pami\u0119taj:<span><strong><em> \u201aRozw\u00f3j przychodzi z czasem, daj go te\u017c sobie\u2019.<\/em><\/strong><\/span><\/li>\n<\/ul>\n<\/div>\n<div id=\"ib2_el_3dQQLLk5\" class=\"ib2-content-el ib2-text-el\" data-animation=\"none\" data-shadow=\"none\" data-el=\"text\" spellcheck=\"false\">\n<div class=\"elementor-element elementor-element-54cd622 elementor-widget elementor-widget-heading\" data-id=\"54cd622\" data-element_type=\"widget\" data-widget_type=\"heading.default\">\n<div class=\"elementor-widget-container\">\n<div class=\"elementor-element elementor-element-d9d46c7 elementor-widget elementor-widget-text-editor\" data-id=\"d9d46c7\" data-element_type=\"widget\" data-widget_type=\"text-editor.default\">\n<div class=\"elementor-widget-container\">\n<div class=\"elementor-text-editor elementor-clearfix\"><\/div>\n<\/div>\n<\/div>\n<\/div>\n<\/div>\n<\/div>\n<h4><span style=\"color: #ff0000;\"><em><strong>KONIECZNIE PRZECZYTAJ ! \u2014&gt; Co jeszcze musisz wiedziec ?<\/strong><\/em><\/span><\/h4>\n<h4><span style=\"color: #ff00ff;\"><em>Najcz\u0119\u015bciej zadawane pytania \ud83d\ude42 <a href=\"https:\/\/jolantadominika.xaa.pl\/index.php\/najczesciej-zadawane-pytania\/\">&gt;&gt; kliknij tutaj &lt;&lt;<\/a><\/em><\/span><\/h4>\n<p>&nbsp;<\/p>\n<div id=\"ib2_el_3dQQLLk5\" class=\"ib2-content-el ib2-text-el\" data-animation=\"none\" data-shadow=\"none\" data-el=\"text\" spellcheck=\"false\">\n<div class=\"elementor-element elementor-element-f96abeb elementor-widget elementor-widget-heading\" data-id=\"f96abeb\" data-element_type=\"widget\" data-widget_type=\"heading.default\">\n<div class=\"elementor-widget-container\">\n<h2 class=\"elementor-heading-title elementor-size-default\"><span style=\"color: #0000ff;\"><strong>Jak Zacz\u0105\u0107 Zarabia\u0107?<\/strong><\/span><\/h2>\n<h3><span style=\"color: #0000ff;\"><strong> Do\u0142\u0105cz do projektu ! Nie zastanawiaj si\u0119!<\/strong><\/span><\/h3>\n<p><strong><\/strong><\/p>\n<\/div>\n<\/div>\n<div class=\"elementor-element elementor-element-07b811f elementor-widget elementor-widget-text-editor\" data-id=\"07b811f\" data-element_type=\"widget\" data-widget_type=\"text-editor.default\">\n<div class=\"elementor-widget-container\">\n<h6 class=\"elementor-text-editor elementor-clearfix\"><\/h6>\n<h4><span style=\"color: #00ff00;\"><strong>Ty te\u017c mo\u017cesz zarabia\u0107 z ka\u017cdego miejsca na \u015awiecie, osi\u0105ga\u0107 \u015bwietne wyniki i by\u0107 jak osoby, <\/strong><strong>kt\u00f3re ju\u017c zarabiaj\u0105 online!<\/strong><\/span><\/h4>\n<p><strong>Czy mo\u017cna zarabia\u0107 kilka tysi\u0119cy z\u0142otych miesi\u0119cznie w Internecie? Wydaje si\u0119 nierealne, prawda? Z w\u0142asnego do\u015bwiadczenia, kt\u00f3re zdoby\u0142am tutaj przez te kilka miesi\u0119cy pracy, mog\u0119 w pe\u0142ni \u015bwiadomie powiedzie\u0107, \u017ce TO MO\u017bLWE! <\/strong> <strong>Tw\u00f3j sukces zale\u017cy tylko i wy\u0142\u0105cznie od Ciebie, Twojego zaanga\u017cowania i Twojej pracy. Nie obiecuje, \u017ce zarobisz milion w miesi\u0105c, po\u0142 roku, czy nawet w rok, ale krok po kroku mo\u017cesz d\u0105\u017cy\u0107 do tego, by by\u0107 coraz bli\u017cej swojego celu. <\/strong> <strong>Nie od dzi\u015b wiadomo, \u017ce ci\u0119\u017cka praca pop\u0142aca i \u017ce nie ma nic za darmo. Ka\u017cdy z nas musi znale\u017a\u0107 swoja drog\u0119. Zapytasz mnie pewnie: W jaki spos\u00f3b ? A ja odpowiem Ci \u017ce ten spos\u00f3b musisz w\u0142a\u015bnie znale\u017a\u0107 sam, taki aby by\u0142 idealny dla Ciebie, a ja jestem tutaj od tego, \u017ceby Ci w tym wszystkim pom\u00f3c najlepiej jak potrafi\u0119!<\/strong><\/p>\n<\/div>\n<h5><span style=\"color: #ff0000;\"><em><strong>Pami\u0119taj \u2013 dla nas liczy si\u0119 zesp\u00f3\u0142!<\/strong><\/em><\/span><\/h5>\n<p>&nbsp;<\/p>\n<h3><span style=\"color: #3366ff;\"><em><strong>\u201d Praca zespo\u0142owa to paliwo, kt\u00f3re pozwala zwyk\u0142ym ludziom na osi\u0105ganie niezwyk\u0142ych rezultat\u00f3w.&#8221;<\/strong><\/em><\/span><\/h3>\n<\/div>\n<h5 class=\"elementor-text-editor elementor-clearfix\"><span style=\"color: #000000;\"><strong>Je\u015bli decydujesz si\u0119 na dalsz\u0105 wsp\u00f3\u0142prac\u0119 ze mn\u0105, poni\u017cej masz <\/strong><strong>przedstawion\u0105 kolejn\u0105 cz\u0119\u015b\u0107 etapu 1 \ud83d\ude42<\/strong><\/span><\/h5>\n<p class=\"elementor-text-editor elementor-clearfix\"><span style=\"color: #000000;\"><strong>Po zapoznaniu si\u0119 z etapami oraz regulaminem, przyst\u0119pujemy do dalszej cz\u0119\u015bci etapu 1 \ud83d\ude00<\/strong><\/span><\/p>\n<\/div>\n<\/div>\n<h5 class=\"has-text-color\" style=\"text-align: center;\"><span style=\"color: #ff0000;\"><strong>Pierwszy etap to w\u0142a\u015bnie pierwszy krok, do wielkiej zmiany w Twoim \u017cyciu!<\/strong><\/span><\/h5>\n<p class=\"has-text-color\" style=\"text-align: center;\"><span style=\"color: #333399;\"><strong>PAMI\u0118TAJ, \u017bE ETAP 1 (REJESTRACJA) CI\u0118 DO NICZEGO NIE ZOBOWI\u0104ZUJE! <\/strong><\/span><\/p>\n<p class=\"has-text-color\" style=\"text-align: center;\"><span style=\"color: #000000;\"><strong>Sw\u00f3j profil mo\u017cesz w ka\u017cdej chwili usun\u0105\u0107 z programu partnerskiego \ud83d\ude42<\/strong><\/span><\/p>\n<h5 style=\"text-align: center;\"><strong><a href=\"https:\/\/www.comperialead.pl\/rejestracja.html?p=45NsYu\">Zarejestruj si\u0119 w COMPERIALEAD<\/a><\/strong><\/h5>\n<h5 style=\"text-align: center;\"><strong><a href=\"http:\/\/www.comperialead.pl\/?p=hfeRdD\"><span>&gt;&gt;&gt;klikaj\u0105c tutaj!&lt;&lt;&lt; <\/span><\/a><\/strong><\/h5>\n<h6 style=\"text-align: center;\"><span style=\"color: #ff0000;\"><strong>( zanim si\u0119 zarejestrujesz to pami\u0119taj o tym, \u017ceby doczyta\u0107 ca\u0142y etap 1 do ko\u0144ca) \ud83d\ude42 <\/strong><\/span><\/h6>\n<h5 style=\"text-align: center;\"><strong><span>Instrukcja logowania si\u0119 w programie partnerskim:<\/span><\/strong><\/h5>\n<p style=\"text-align: center;\"><img decoding=\"async\" src=\"http:\/\/asialaskowska.pl\/wp-content\/uploads\/2023\/04\/340530147_1289502745320288_7155175340971139173_n-135x300.jpg\" alt=\"\" width=\"135\" height=\"300\" class=\"size-medium wp-image-2623 aligncenter\" \/> <img decoding=\"async\" src=\"http:\/\/asialaskowska.pl\/wp-content\/uploads\/2023\/05\/344534177_698409315466009_6423188176300914943_n-135x300.jpg\" alt=\"\" width=\"135\" height=\"300\" class=\"alignnone size-medium wp-image-2651\" \/><\/p>\n<p style=\"text-align: center;\"><img fetchpriority=\"high\" decoding=\"async\" src=\"http:\/\/asialaskowska.pl\/wp-content\/uploads\/2023\/05\/322166660_1353760158702599_5772676433848445016_n-300x300.jpg\" alt=\"\" width=\"300\" height=\"300\" class=\"alignnone size-medium wp-image-2646\" \/><\/p>\n<p>&nbsp;<\/p>\n<p style=\"text-align: center;\"><strong>Podczas rejestracji b\u0119dziesz poproszony o podanie swojego numeru pesel. <\/strong><\/p>\n<p style=\"text-align: center;\"><strong>Uprzedzaj\u0105c pytania niekt\u00f3rych os\u00f3b \ud83d\ude09 \u2013 to nie jest m\u00f3j wymys\u0142 tylko wymagania systemowe programu partnerskiego w celu weryfikacji rejestruj\u0105cych si\u0119 os\u00f3b czy s\u0105 one na pewno pe\u0142noletnie, poniewa\u017c osoby poni\u017cej 18r.\u017c. nie mog\u0105 si\u0119 rejestrowa\u0107. \ud83d\ude42<\/strong><\/p>\n<h5 class=\"has-text-color\" style=\"text-align: center;\"><span><span style=\"color: #000000;\"><strong>Ja<\/strong><strong>k si\u0119 zarejestrujesz w programie partnerskim, nie musisz czeka\u0107 na aktyw<\/strong><\/span><strong><span style=\"color: #000000;\">acje konta \u2013 odezwij si\u0119 od razu do mnie, \u017ce wykona\u0142a\u015b etap 1 i b\u0119dziemy dzia\u0142a\u0107 dalej \ud83d\ude42<\/span> <\/strong><\/span><\/h5>\n<h3 style=\"text-align: center;\"><\/h3>\n<h1 class=\"has-text-color\" style=\"text-align: center;\"><span><strong><span style=\"color: #0000ff;\">KILKA PRZYK\u0141AD\u00d3W WYNIK\u00d3W NASZEGO ZESPO\u0141U<\/span><\/strong><\/span><\/h1>\n<\/div>\n<div class=\"col-md-8 page-content-wrap col-md-offset-2\">\n<h4 style=\"text-align: center;\"><img loading=\"lazy\" decoding=\"async\" src=\"https:\/\/monikakrystek.xaa.pl\/wp-content\/uploads\/2022\/09\/299626244_5525313764195809_1315025265316296830_n-300x170.jpg\" alt=\"\" width=\"300\" height=\"170\" class=\"alignnone size-medium wp-image-45\" \/><img loading=\"lazy\" decoding=\"async\" src=\"https:\/\/monikakrystek.xaa.pl\/wp-content\/uploads\/2022\/09\/300580877_1506068549827434_1043151516926587475_n-300x123.jpg\" alt=\"\" width=\"300\" height=\"123\" class=\"alignnone size-medium wp-image-46\" \/><img loading=\"lazy\" decoding=\"async\" src=\"https:\/\/monikakrystek.xaa.pl\/wp-content\/uploads\/2022\/09\/305298583_1273679286725363_3316433322812328355_n-300x184.jpg\" alt=\"\" width=\"300\" height=\"184\" class=\"alignnone size-medium wp-image-47\" \/> <img loading=\"lazy\" decoding=\"async\" src=\"https:\/\/monikakrystek.xaa.pl\/wp-content\/uploads\/2022\/09\/306492099_627438978796397_1967325733212477499_n-300x128.jpg\" alt=\"\" width=\"300\" height=\"128\" class=\"alignnone size-medium wp-image-48\" \/><\/h4>\n<p>&nbsp;<\/p>\n<h4 style=\"text-align: center;\"><\/h4>\n<h4 style=\"text-align: center;\"><\/h4>\n<p style=\"text-align: center;\"><span style=\"color: #3366ff;\"><strong>Filmik przedstawiaj\u0105cy opinie niekt\u00f3rych os\u00f3b pracuj\u0105cych w naszym projekcie <\/strong><\/span><\/p>\n<p><iframe title=\"Opinie os\u00f3b dzia\u0142aj\u0105cych w projekcie\" width=\"750\" height=\"422\" src=\"https:\/\/www.youtube.com\/embed\/prv-TTKKpf4?feature=oembed\" frameborder=\"0\" allow=\"accelerometer; autoplay; clipboard-write; encrypted-media; gyroscope; picture-in-picture; web-share\" referrerpolicy=\"strict-origin-when-cross-origin\" allowfullscreen><\/iframe><\/p>\n<h4 style=\"text-align: center;\"><span style=\"color: #ff00ff;\"><strong>JE\u015aLI UWA\u017bASZ ZE CHCESZ ZE MN\u0104 PRACOWA\u0106 ODEZWIJ SI\u0118 PO ZAPOZNANIU SI\u0118 Z ETAPEM PIERWSZYM.<\/strong><\/span><\/h4>\n<h4 style=\"text-align: center;\"><span style=\"color: #000000;\"><strong>CZEKAM NA WIADOMO\u015a\u0106 OD CIEBIE \ud83d\ude09<\/strong><\/span><\/h4>\n<p style=\"text-align: center;\"><span style=\"color: #000000;\"><strong> POZDRAWIAM, JOLA<\/strong><\/span><\/p>\n<p><img loading=\"lazy\" decoding=\"async\" src=\"https:\/\/jolantadominika.xaa.pl\/wp-content\/uploads\/2026\/02\/ETAP-1.jpg\" alt=\"\" width=\"288\" height=\"175\" class=\"size-full wp-image-71 aligncenter\" \/><\/p>\n<\/div>\n<\/div>\n<\/article>\n<\/div>\n<\/div>\n","protected":false},"excerpt":{"rendered":"<p>Etap 1 \u2013 Pocz\u0105tek! \ud83d\ude42 \u201dBywaj\u0105 chwile, w kt\u00f3rych cz\u0142owiek musi umacnia\u0107 wiar\u0119 we w\u0142asne si\u0142y\u201d &nbsp; Cze\u015b\u0107! Z tej strony Jolanta Kogut \ud83d\ude42 Jestem Liderem w projekcie Extra Bankroll, kt\u00f3ry zajmuje si\u0119 promocj\u0105 Marketingu Internetowego! Poka\u017c\u0119 Ci jak zarabia\u0107 w Internecie i wprowadz\u0119 Ci\u0119 do Spo\u0142eczno\u015bci Program\u00f3w Partnerskich! Je\u017celi<a class=\"moretag\" href=\"https:\/\/jolantadominika.xaa.pl\/index.php\/etap-1-projektu-extra-bankroll\/\"> Read more<\/a><\/p>\n","protected":false},"author":1,"featured_media":0,"parent":0,"menu_order":0,"comment_status":"closed","ping_status":"closed","template":"","meta":{"footnotes":""},"class_list":["post-43","page","type-page","status-publish","hentry"],"_links":{"self":[{"href":"https:\/\/jolantadominika.xaa.pl\/index.php\/wp-json\/wp\/v2\/pages\/43","targetHints":{"allow":["GET"]}}],"collection":[{"href":"https:\/\/jolantadominika.xaa.pl\/index.php\/wp-json\/wp\/v2\/pages"}],"about":[{"href":"https:\/\/jolantadominika.xaa.pl\/index.php\/wp-json\/wp\/v2\/types\/page"}],"author":[{"embeddable":true,"href":"https:\/\/jolantadominika.xaa.pl\/index.php\/wp-json\/wp\/v2\/users\/1"}],"replies":[{"embeddable":true,"href":"https:\/\/jolantadominika.xaa.pl\/index.php\/wp-json\/wp\/v2\/comments?post=43"}],"version-history":[{"count":5,"href":"https:\/\/jolantadominika.xaa.pl\/index.php\/wp-json\/wp\/v2\/pages\/43\/revisions"}],"predecessor-version":[{"id":95,"href":"https:\/\/jolantadominika.xaa.pl\/index.php\/wp-json\/wp\/v2\/pages\/43\/revisions\/95"}],"wp:attachment":[{"href":"https:\/\/jolantadominika.xaa.pl\/index.php\/wp-json\/wp\/v2\/media?parent=43"}],"curies":[{"name":"wp","href":"https:\/\/api.w.org\/{rel}","templated":true}]}}