{"id":89,"date":"2026-02-21T23:08:27","date_gmt":"2026-02-21T22:08:27","guid":{"rendered":"https:\/\/jolantadominika.xaa.pl\/?page_id=89"},"modified":"2026-02-21T23:08:27","modified_gmt":"2026-02-21T22:08:27","slug":"najczesciej-zadawane-pytania","status":"publish","type":"page","link":"https:\/\/jolantadominika.xaa.pl\/index.php\/najczesciej-zadawane-pytania\/","title":{"rendered":"NAJCZ\u0118\u015aCIEJ ZADAWANE PYTANIA"},"content":{"rendered":"<h5><strong>1. Czy trzeba by\u0107 pe\u0142noletnim ?<\/strong><\/h5>\n<p>Tak, pe\u0142noletno\u015b\u0107 jest obowi\u0105zkowa, tak samo jak posiadanie dowodu osobistego.<\/p>\n<h5><strong>2. Czy trzeba p\u0142aci\u0107 za szkolenie ?<\/strong><\/h5>\n<p>Nie, nie ponosisz \u017cadnych koszt\u00f3w. ca\u0142e szkolenie i wszystkie materia\u0142y s\u0105 bezp\u0142atne.<\/p>\n<h5><strong>3. Czy jest jaka\u015b umowa ?<\/strong><\/h5>\n<p>Tak, mamy umow\u0119 cywilnoprawn\u0105. Nie jest ona zobowi\u0105zuj\u0105ca i mo\u017cesz z niej w ka\u017cdym momencie zrezygnowa\u0107. Taki rodzaj umowy nie zapewnia nam sk\u0142adek emerytalnych, rentowych ani zdrowotnych. Jest ona tylko podstaw\u0105 do wyp\u0142aty wynagrodzenia. Umow\u0119 zawierasz drog\u0105 elektroniczn\u0105 podczas rejestracji, akceptuj\u0105c regulamin programu partnerskiego.<\/p>\n<div>\n<h5><strong>4. Czy program jest legalny ?<\/strong><strong><\/strong><\/h5>\n<\/div>\n<p>Tak, w\u0142a\u015bcicielem serwisu, do kt\u00f3rego si\u0119 rejestrujemy, jest program partnerski Comperialead, kt\u00f3ry nale\u017cy do sp\u00f3\u0142ki Comperia.pl S.A. z siedzib\u0105 w Warszawie.<\/p>\n<h5><strong>5. Kiedy i w jaki spos\u00f3b otrzymam zarobione pieni\u0105dze?<\/strong><\/h5>\n<div>\n<p>Wyp\u0142aty wynagrodze\u0144 odbywaj\u0105 si\u0119 w cyklu miesi\u0119cznym, na podstawie rachunk\u00f3w\/faktur wygenerowanych, b\u0105d\u017a wgranych do systemu i przes\u0142anych do Comperialead ka\u017cdorazowo na odpowiedni adres mailowy. Bez obaw! Pomagam ka\u017cdej osobie wyp\u0142aci\u0107 swoje wynagrodzenie. \ud83d\ude42 <span><\/span><a href=\"https:\/\/blog.comperialead.pl\/category\/faq\/\"><\/a><\/p>\n<div>\n<h5><strong>6. Ile mog\u0119 zarobi\u0107 w Waszym Programie Partnerskim?<\/strong><\/h5>\n<p>W ComperiaLead nie ma \u017cadnych limit\u00f3w! \ud83d\ude42 Wydawcy zarabiaj\u0105 od 5 z\u0142 do nawet 200 000 z\u0142 miesi\u0119cznie! Wszystko zale\u017cy od Twojego zaanga\u017cowania.<\/p>\n<\/div>\n<\/div>\n<h5><strong>7. Czy trzeba rozlicza\u0107 si\u0119 z Urz\u0119dem Skarbowym ? <\/strong><\/h5>\n<p>Tak, dlatego, bo jest to praca legalna. Rozliczamy si\u0119 z ka\u017cdego wp\u0142ywu na konto raz w miesi\u0105cu. Form\u0119 rozliczania mo\u017cemy sobie wybra\u0107 samemu. Mo\u017ce to by\u0107 na zasadach og\u00f3lnych i wtedy oddajemy 17% podatku od zarobionych pieni\u0119dzy b\u0105d\u017a rycza\u0142tem 8,5%. Najcz\u0119\u015bciej wybieramy form\u0119 rycza\u0142t, ale o tym mowa dok\u0142adnie w 7 etapie, kiedy ju\u017c zarabiasz wi\u0119ksze pieni\u0105dze<\/p>\n<p>&nbsp;<\/p>\n<h6 style=\"text-align: center;\"><span style=\"color: #000000;\"><strong>NIE ZOSTAJESZ Z TYM SAM\/A JA WSZYSTKO DOK\u0141ADNIE POWIEM JAK B\u0118DZIE TRZEBA SI\u0118 ROZLICZA\u0106<\/strong><\/span><\/h6>\n<h5><strong>8. <\/strong><strong>Pracuje na pe\u0142en etat, czy t\u0105 prac\u0119 mog\u0119 traktowa\u0107 jako dodatkow\u0105?<\/strong><\/h5>\n<p>Je\u015bli pracujesz na etat, jak najbardziej mo\u017cesz sobie tutaj dorabia\u0107<\/p>\n<h6><strong>Mog\u0105 tutaj pracowa\u0107 osoby:<\/strong><br \/>\n\u2013 pracuj\u0105ce na etacie,<br \/>\n\u2013 b\u0119d\u0105ce na urlopie macierzy\u0144skim b\u0105d\u017a wychowawczym,<br \/>\n\u2013 osoby ubezpieczone w KRUS,<br \/>\n\u2013 osoby zarejestrowane w urz\u0119dzie pracy, lecz nie pobieraj\u0105ce zasi\u0142ku (tzw. kuroni\u00f3wki)<\/h6>\n<h6><strong>Nie mog\u0105 pracowa\u0107 osoby:<\/strong><br \/>\n\u2013 b\u0119d\u0105ce na L4 (zawsze mo\u017cna przetrzyma\u0107 i nie wyp\u0142aca\u0107 pieni\u0119dzy przez okres zwolnienia, mo\u017cna sobie sk\u0142ada\u0107 bo dop\u00f3ki pieni\u0105dze nie zostan\u0105 wyp\u0142acone na konto to tak jak by\u015b nigdzie nie pracowa\u0142\/a, jest te\u017c opcja zarejestrowania konta na kogo\u015b innego np. cz\u0142onka rodziny<br \/>\n\u2013 osoby pobieraj\u0105ce zasi\u0142ki typu( na niepe\u0142nosprawnego cz\u0142onka rodziny, renty rodzinne, czy renty chorobowe) \u2013 w tej sytuacji powinny si\u0119 dowiedzie\u0107 u \u017ar\u00f3d\u0142a czy mog\u0105 sobie dorobi\u0107, bo jest mo\u017cliwo\u015b\u0107 dorobienia do pewnej kwoty \u2026<br \/>\n\u2013 osoby, kt\u00f3re s\u0105 zad\u0142u\u017cone ( maj\u0105 komornika na koncie)<\/h6>\n<h5><strong>9. Czy mog\u0119 zrezygnowa\u0107 w dowolnym momencie?<\/strong><\/h5>\n<p>Tak, nie ma tutaj okresu wypowiedzenia, jak w przypadku umowy o prac\u0119, ani nie jeste\u015b z niczym zobowi\u0105zany. Je\u015bli zdecydujesz, \u017ce chcesz zrezygnowa\u0107, mo\u017cesz to zrobi\u0107 w ka\u017cdej chwili, usuwaj\u0105c swoje konto z panelu.<\/p>\n<h5><strong>10. Kiedy dostaj\u0119 wyp\u0142at\u0119?<\/strong><\/h5>\n<p>Wynagrodzenie jest przelewane raz w miesi\u0105cu.<\/p>\n<h5><strong>11. Jak\u0105 mam pewno\u015b\u0107, \u017ce otrzymam pieni\u0105dze?<\/strong><\/h5>\n<p>Program partnerski, z kt\u00f3rym wsp\u00f3\u0142pracujemy istnieje od 2008r &#8211; jest to firma zarejestrowana i w 100% wyp\u0142acalna, na podstawie zawartej umowy. Dowody przelew\u00f3w znajduj\u0105 si\u0119 w 1 etapie w zak\u0142adce &#8222;Moje wyniki&#8221;<\/p>\n<h5><strong>12. Czy trzeba bra\u0107 po\u017cyczki \/ kredyty ? <\/strong><\/h5>\n<h5><strong><\/strong>S\u0105 projekty, kt\u00f3re skupiaj\u0105 si\u0119 na tych produktach i z nich korzystaj\u0105, jednak u nas tego NIE MA . NIGDY nikt nie powie, \u017ce trzeba wzi\u0105\u0107 kredyt, czy po\u017cyczk\u0119. W naszym projekcie jest to NIEDOPUSZCZALNE i ZABRONIONE.<\/h5>\n<p>&nbsp;<\/p>\n<p>&nbsp;<\/p>\n","protected":false},"excerpt":{"rendered":"<p>1. Czy trzeba by\u0107 pe\u0142noletnim ? Tak, pe\u0142noletno\u015b\u0107 jest obowi\u0105zkowa, tak samo jak posiadanie dowodu osobistego. 2. Czy trzeba p\u0142aci\u0107 za szkolenie ? Nie, nie ponosisz \u017cadnych koszt\u00f3w. ca\u0142e szkolenie i wszystkie materia\u0142y s\u0105 bezp\u0142atne. 3. Czy jest jaka\u015b umowa ? Tak, mamy umow\u0119 cywilnoprawn\u0105. Nie jest ona zobowi\u0105zuj\u0105ca i<a class=\"moretag\" href=\"https:\/\/jolantadominika.xaa.pl\/index.php\/najczesciej-zadawane-pytania\/\"> Read more<\/a><\/p>\n","protected":false},"author":1,"featured_media":0,"parent":0,"menu_order":0,"comment_status":"closed","ping_status":"closed","template":"","meta":{"footnotes":""},"class_list":["post-89","page","type-page","status-publish","hentry"],"_links":{"self":[{"href":"https:\/\/jolantadominika.xaa.pl\/index.php\/wp-json\/wp\/v2\/pages\/89","targetHints":{"allow":["GET"]}}],"collection":[{"href":"https:\/\/jolantadominika.xaa.pl\/index.php\/wp-json\/wp\/v2\/pages"}],"about":[{"href":"https:\/\/jolantadominika.xaa.pl\/index.php\/wp-json\/wp\/v2\/types\/page"}],"author":[{"embeddable":true,"href":"https:\/\/jolantadominika.xaa.pl\/index.php\/wp-json\/wp\/v2\/users\/1"}],"replies":[{"embeddable":true,"href":"https:\/\/jolantadominika.xaa.pl\/index.php\/wp-json\/wp\/v2\/comments?post=89"}],"version-history":[{"count":1,"href":"https:\/\/jolantadominika.xaa.pl\/index.php\/wp-json\/wp\/v2\/pages\/89\/revisions"}],"predecessor-version":[{"id":90,"href":"https:\/\/jolantadominika.xaa.pl\/index.php\/wp-json\/wp\/v2\/pages\/89\/revisions\/90"}],"wp:attachment":[{"href":"https:\/\/jolantadominika.xaa.pl\/index.php\/wp-json\/wp\/v2\/media?parent=89"}],"curies":[{"name":"wp","href":"https:\/\/api.w.org\/{rel}","templated":true}]}}